{"id":325,"date":"2024-01-29T12:43:52","date_gmt":"2024-01-29T11:43:52","guid":{"rendered":"http:\/\/www.fgdcc.it\/?page_id=325"},"modified":"2024-10-21T14:39:14","modified_gmt":"2024-10-21T12:39:14","slug":"privacy","status":"publish","type":"page","link":"https:\/\/www.fgdcc.it\/en\/privacy\/","title":{"rendered":"Trattamento dei dati personali"},"content":{"rendered":"<div class=\"wp-block-group has-global-padding is-layout-constrained wp-block-group-is-layout-constrained\">\n<div class=\"wp-block-group alignwide is-vertical is-layout-flex wp-container-core-group-is-layout-1 wp-block-group-is-layout-flex\">\n<p>Dear user,<\/p>\n\n\n\n<p>we inform you that the processing of your personal data will be in accordance with the current privacy policy and will be based on the principles of fairness, lawfulness and transparency.<\/p>\n\n\n\n<p>To this end, in compliance with Article 13 of Legislative Decree no. n. 196\/2003, we indicate the purpose and the way in which they will be dealt with.<\/p>\n\n\n\n<p>This information refers solely to the data of those who interact with the services accessible from the home page&nbsp;<a href=\"http:\/\/www.fgd.bcc.it\/\">http:\/\/www.fgd.bcc.it<\/a>without extending to the other websites eventually reached by the user through the links on the site.<\/p>\n\n\n\n<p>Dati di contatto del Titolare<\/p>\n\n\n\n<p>Il titolare del trattamento \u00e8&nbsp;<strong>Fondo di Garanzia dei Depositanti<\/strong>, con sede in Via D\u2019Azeglio, 33 &#8211; 00184 Roma.<br>Il titolare, che lei potr\u00e0 contattare per richiedere spiegazioni riguardo questa Informativa o esercitare i diritti previsti dalla normativa in materia di protezione dati personali descritti nel testo che segue. Per contattare il Titolare potr\u00e0 utilizzare uno dei seguenti mezzi:<\/p>\n\n\n\n<ul>\n<li>via email:&nbsp;<a href=\"mailto:info.fongar@fgd.bcc.it\">info.fongar@fgd.bcc.it<\/a><\/li>\n\n\n\n<li>Telefono. +39 06.720 79001; Fax +39 720 79020 &#8211; 06 720 79030<\/li>\n\n\n\n<li>via posta ordinaria:&nbsp;<strong>Fondo di Garanzia dei Depositanti<\/strong>,&nbsp;<em>Via D\u2019Azeglio, 33 00184 Roma<\/em>.<\/li>\n\n\n\n<li>Per qualsiasi sua comunicazione, nei confronti del titolare, deve riportare nella richiesta i suoi dati di contatto, indispensabili per poterla individuare e ricontattare.<\/li>\n<\/ul>\n\n\n\n<p><strong>Type of data processed<\/strong><\/p>\n\n\n\n<p><em>Navigation data<\/em><\/p>\n\n\n\n<p>Computer systems and software procedures for the operation of this website operability, during their normal operation, certain personal data whose transmission is implied in the use of Internet communication protocols.\nThese are information that is not collected to be associated with identified individuals, but which by their nature could, through elaborations and associations with data held by third parties, allow users to identify.<\/p>\n\n\n\n<p>This category of data includes the IP addresses or domain names of the computers used by the users who connect to the site, the URI (Uniform Resource Identifier) ??notation addresses of the required resources, the time of the request, the method used to submit the server request, file size obtained in response, numeric code indicating the response status of the server (good end, error, etc.) and other parameters related to the operating system and the user's computer environment.<br>This data is used only for the purpose of obtaining anonymous statistical information on the use of the site and for checking its proper functioning. The data could be used for the detection of liability in the event of hypothetical cybercrime for damage to the site.<br>Si segnala che i dati potrebbero essere utilizzati dalle Autorit\u00e0 competenti per l\u2019accertamento di responsabilit\u00e0 in caso di ipotetici reati informatici.<\/p>\n\n\n\n<p><em>Cookies<\/em><\/p>\n\n\n\n<p>The site uses cookies to enhance the user's browsing experience. To find out more about the type of used cookies, the purpose and the way of disabling, you can consult the&nbsp;<a href=\"https:\/\/www.fgd.bcc.it\/cookie.asp\">sezione specifica<\/a>.<\/p>\n\n\n\n<p><strong>Dati forniti volontariamente dall\u2019utente<\/strong><\/p>\n\n\n\n<p>Per accedere ad alcuni servizi riservati agli utenti, \u00e8 necessario registrarsi e inserire alcuni dati personali.<br>Il conferimento di alcuni dati identificativi \u00e8 necessario al fine di autenticare e verificare la legittimazione all\u2019accesso, nei diversi livelli delle aree riservate, ai soggetti che vi accedono. In nessun caso verranno invece trattati dati sensibili o giudiziari.<\/p>\n\n\n\n<p>L&#8217;invio facoltativo, esplicito e volontario di posta elettronica agli indirizzi indicati su questo sito comporta la successiva acquisizione dell&#8217;indirizzo del mittente, necessario per rispondere alle richieste, nonch\u00e9 degli eventuali altri dati personali inseriti nella missiva. Specifiche informative di sintesi, se necessarie, sono progressivamente riportate o visualizzate nelle pagine del sito predisposte per particolari servizi a richiesta.<\/p>\n\n\n\n<p><strong>Finalit\u00e0<\/strong><\/p>\n\n\n\n<p>I dati da lei forniti potranno essere trattati per:<\/p>\n\n\n\n<ul>\n<li>lo svolgimento delle operazioni strettamente necessarie onde procedere all\u2019erogazione dei servizi eventualmente da lei richiesti, tra questi inclusa la sua navigazione tra le pagine del sito;<\/li>\n\n\n\n<li>la prestazione di servizi tecnologici (mailing-list, newsletter, assistenza e manutenzione in remoto o in locale, etc.), anche da parte di terzi specificamente autorizzati;<\/li>\n\n\n\n<li>attivit\u00e0 imposte da leggi, regolamenti;<\/li>\n\n\n\n<li>elaborazioni statistiche su dati aggregati in relazione alle prestazioni del sito;<\/li>\n\n\n\n<li>valutazioni riguardo l&#8217;utilizzo del sito da parte degli utenti;<\/li>\n\n\n\n<li>inviare pubblicit\u00e0.<\/li>\n<\/ul>\n\n\n\n<p>Nelle pagine del sito ove sono esplicitamente raccolti i suoi dati personali, trover\u00e0 riportate laddove necessario le ulteriori specifiche Informative privacy, nonch\u00e9 i metodi per l&#8217;acquisizione del suo consenso nei casi in cui il titolare ricorre a tale base giuridica di trattamento.<\/p>\n\n\n\n<p><strong>Base giuridica<\/strong><\/p>\n\n\n\n<p>Il trattamento dei suoi dati personali verr\u00e0 effettuato sulla base di una o pi\u00f9 delle seguenti condizioni. In particolare, i trattamenti effettuati per le finalit\u00e0 sopra descritte, che riguardano:<\/p>\n\n\n\n<ul>\n<li>punto 1 e punto 2, hanno come base giuridica la necessit\u00e0 di dare esecuzione alle sue espresse richieste di ricevere un servizio direttamente disponibile tramite il sito: si tratta dunque di conferimento di dati strettamente necessari e connessi ad una fase pre-contrattuale e\/o contrattuale ovvero funzionale a dare riscontro ad una sua specifica richiesta, come tali i dati di volta in volta raccolti sono obbligatori e, qualora non intenda fornirli, non sar\u00e0 possibile erogare il servizio o dare risposta a quanto da lei richiesto;<\/li>\n\n\n\n<li>punto 3, avranno come base giuridica la necessit\u00e0 di rispettare un obbligo di legge e come tali questi dati e relativi trattamenti sono obbligatori;<\/li>\n\n\n\n<li>punto 4, trattandosi di dati anonimizzati, ossia dati dai quali non risulta possibile re-identificare, anche indirettamente, una persona fisica, tali dati non sono pi\u00f9 dati personali, pertanto i relativi trattamenti sono sottratti alla applicazione della normativa privacy e non risulta necessaria una particolare base giuridica;<\/li>\n\n\n\n<li>punti 5 e 6 , avranno come base giuridica il suo consenso informato e libero, che le sar\u00e0 richiesto in apposite pagine del sito e preceduto da specifica nostra informativa o tramite cookie (vedasi sezione dedicata alla&nbsp;<a href=\"https:\/\/www.fgd.bcc.it\/cookie.asp\">cookie policy<\/a>). In tal caso il conferimento dei dati \u00e8 assolutamente libero, ed in assenza del suo consenso i dati non saranno in alcun modo raccolti ed utilizzati per tali finalit\u00e0. Qualora abbia fornito il consenso potr\u00e0 revocarlo in qualunque momento ed a partire dalla revoca i dati non saranno ulteriormente trattati per tali finalit\u00e0. Per massima chiarezza le evidenziamo che la revoca del consenso non ha effetti retroattivi sui dati trattati prima della revoca stessa.<\/li>\n<\/ul>\n\n\n\n<p>Inoltre qualora lei abbia una et\u00e0 inferiore ai 16 anni, per il trattamento dei suoi dati per queste finalit\u00e0 sar\u00e0 necessario raccogliere l&#8217;autorizzazione da parte del titolare della responsabilit\u00e0 genitoriale nei suoi confronti.<\/p>\n\n\n\n<p>Laddove il titolare possa avvalersi di altra base giuridica (legittimo interesse, pubblico interesse, ecc.), le sar\u00e0 fornita apposita e specifica Informativa.<\/p>\n\n\n\n<p><strong>Modalit\u00e0 di trattamento, misure di sicurezza e tempi di conservazione<\/strong><\/p>\n\n\n\n<p>Tutti i dati verranno trattati in formato prevalentemente elettronico. I dati personali nonch\u00e9 ogni altra eventuale informazione associabile, direttamente od indirettamente, ad un utente determinato, sono raccolti e trattati applicando le misure di sicurezza tecniche e organizzative tali da garantire un livello di sicurezza adeguato al rischio, tenendo conto dello stato dell&#8217;arte e dei costi di attuazione, o, ove previste, misure di sicurezza prescritte da apposita normativa quale a titolo di esempio non esaustivo: misure previste da applicabili provvedimenti emessi dell&#8217;Autorit\u00e0 Garante per la protezione dati personali o da normative e regolamenti specifici per il settore bancario\/finanziario e saranno accessibili solo al personale specificamente autorizzato.<\/p>\n\n\n\n<p>Proprio in riferimento agli aspetti di protezione dei dati personali, lei \u00e8 invitato, ai sensi dell\u2019art. 33 del GDPR a segnalare al titolare eventuali circostanze o eventi dai quali possa discendere una potenziale \u201cviolazione dei dati personali (data breach)&#8221; al fine di consentire una immediata valutazione e l\u2019adozione di eventuali azioni volte a contrastare tale evento, inviando una comunicazione a&nbsp;<a href=\"mailto:info.fongar@fgd.bcc.it\">info.fongar@fgd.bcc.it<\/a>.<\/p>\n\n\n\n<p>Si ricorda che per violazione dati personali si intende &#8220;la violazione di sicurezza che comporta accidentalmente o in modo illecito la distruzione, la perdita, la modifica, la divulgazione non autorizzata o l&#8217;accesso ai dati personali trasmessi, conservati o comunque trattati&#8221;.<br>Le misure adottate dal titolare non esimono l&#8217;utente\/cliente dal prestare la necessaria attenzione all\u2019utilizzo, ove richiesto, di password\/PIN di complessit\u00e0 adeguata, che dovr\u00e0 aggiornare periodicamente nonch\u00e9 custodire con attenzione e rendere inaccessibili ad altri, al fine di evitarne usi impropri e non autorizzati.<br>I dati personali trattati verranno conservati in una forma che consenta l&#8217;identificazione degli interessati per un arco di tempo non superiore al conseguimento delle finalit\u00e0 per le quali sono trattati, fatta salva la necessit\u00e0 di conservarli per un periodo maggiore a seguito di richieste da parte delle Autorit\u00e0 competenti in materia di prevenzione e persecuzione di reati o, comunque per far valere o difendere un diritto in sede giudiziaria.<\/p>\n\n\n\n<p><strong>Categorie di Destinatari dei dati personali<\/strong><\/p>\n\n\n\n<p>I dati personali saranno trattati dal personale specificamente autorizzato da parte del titolare nonch\u00e9 da soggetti terzi, anche eventualmente stabiliti in paesi esteri rispetto l&#8217;Unione Europea, solo qualora ci\u00f2 sia necessario per esigenze di operativit\u00e0 e manutenzione del sito e dei servizi messi a disposizione tramite il sito stesso, fatti salvi gli eventuali obblighi previsti da disposizioni di legge (es: ispezioni dell&#8217; Autorit\u00e0 fiscale). In nessun caso essi saranno invece diffusi al pubblico.<\/p>\n\n\n\n<p>Come previsto dal GDPR, il titolare provvede a nominare quali responsabili di trattamento dati personali le societ\u00e0 terze che svolgono in tutto o in parte le attivit\u00e0 in oggetto per conto del titolare. Nel caso di coinvolgimento di soggetti terzi stabiliti in paesi esteri rispetto l&#8217;Unione Europea, per il relativo trasferimento di dati all&#8217;estero sono adottate le garanzie appropriate corrispondenti alle decisioni di adeguatezza emesse dalla Commissione Europea e\/o dall&#8217;Autorit\u00e0 Garante nazionale per la protezione dei dati personali di volta in volta adeguate al caso.<\/p>\n\n\n\n<p>I dati personali forniti dagli utenti che inoltrano richieste di invio di materiale sono utilizzati al solo fine di eseguire il servizio o la prestazione richiesta e sono comunicati a terzi nel solo caso in cui ci\u00f2 sia a tal fine necessario (esempio: servizio di spedizione delle pubblicazioni).<\/p>\n\n\n\n<p><strong>Diritti degli interessati<\/strong><\/p>\n\n\n\n<p>In relazione ai trattamenti dei suoi dati personali svolti tramite questo sito, in ogni momento, in qualit\u00e0 di interessato potr\u00e0 esercitare i diritti previsti dal GDPR. In particolare potr\u00e0:<\/p>\n\n\n\n<ul>\n<li>accedere ai suoi dati personali, ottenendo evidenza delle finalit\u00e0 perseguite da parte del titolare, delle categorie di dati coinvolti, dei destinatari a cui gli stessi possono essere comunicati, del periodo di conservazione applicabile;<\/li>\n\n\n\n<li>ottenere senza ritardo la rettifica dei dati personali inesatti che la riguardano;<\/li>\n\n\n\n<li>ottenere, nei casi previsti dalla legge, la cancellazione dei suoi dati;<\/li>\n\n\n\n<li>ottenere la limitazione del trattamento o di opporsi allo stesso, quando ammesso in base alle previsioni di legge applicabili al caso specifico;<\/li>\n\n\n\n<li>nei casi previsti dalla legge richiedere la portabilit\u00e0 dei dati che lei ha fornito al titolare, vale a dire di riceverli in un formato strutturato, di uso comune e leggibile da dispositivo automatico, ed anche richiedere di trasmettere tali dati ad un altro titolare, se tecnicamente fattibile;<\/li>\n\n\n\n<li>ove lo ritenga opportuno, proporre reclamo all&#8217;autorit\u00e0 di controllo.<\/li>\n<\/ul>\n\n\n\n<p>Per i trattamenti di dati personali per i quali la base giuridica \u00e8 il consenso, potr\u00e0 sempre revocarlo ed in particolare esercitare il diritto di opposizione al marketing diretto.<\/p>\n\n\n\n<p>Per esercitare tali diritti, baster\u00e0 contattare il titolare facendo riferimento ai dati di contatto riportati all&#8217;inizio di questa Informativa.<\/p>\n\n\n\n<p>Per avere ulteriori informazioni in ordine ai suoi diritti ed alla disciplina sulla privacy in generale La invitiamo a visitare il sito web dell&#8217;Autorit\u00e0 Garante per la protezione dei dati personali, all&#8217;indirizzo&nbsp;<a href=\"http:\/\/www.garanteprivacy.it\/\" target=\"_blank\" rel=\"noreferrer noopener\">http:\/\/www.garanteprivacy.it\/<\/a><\/p>\n\n\n\n<p>Informativa pubblicata in data: 05\/07\/2024<\/p>\n\n\n\n<p><a href=\"https:\/\/www.fgdcc.it\/en\/note-legali\/\" data-type=\"page\" data-id=\"386\">Privacy (legal notes)<\/a><\/p>\n<\/div>\n<\/div>\n\n\n\n<p><\/p>\n\n\n\n<p><\/p>\n\n\n\n<div class=\"wp-block-group has-global-padding is-layout-constrained wp-block-group-is-layout-constrained\">\n<div class=\"wp-block-group alignwide is-vertical is-layout-flex wp-container-core-group-is-layout-3 wp-block-group-is-layout-flex\">\n<h2 class=\"wp-block-heading alignwide has-text-align-center\" id=\"we-re-a-studio-in-berlin-with-an-international-practice-in-architecture-urban-planning-and-interior-design-we-believe-in-sharing-knowledge-and-promoting-dialogue-to-increase-the-creative-potential-of-collaboration\" style=\"font-size:clamp(27.894px, 1.743rem + ((1vw - 3.2px) * 2.094), 48px);line-height:1.1\">Informativa sul trattamento dei Dati Personali dei Depositanti delle Banche Consorziate<\/h2>\n\n\n\n<p>Gentile Depositante,<\/p>\n\n\n\n<p>Nel rispetto degli art. 13-14 del Regolamento (UE) 679\/2016 \u2013 Regolamento Generale Protezione Dati (GDPR)<a href=\"#_ftn1\" id=\"_ftnref1\"><sup>[1]<\/sup><\/a>, il Fondo di Garanzia dei Depositanti del Credito Cooperativo (in seguito, anche il \u201cFondo\u201d), quale Titolare del trattamento, desidera informare i Depositanti delle Banche Consorziate (BCC-CR) sul trattamento dei loro dati personali effettuato dal Fondo per la gestione delle procedure istituite per la protezione dei loro depositi in base alle vigenti norme di riferimento.<\/p>\n\n\n\n<p>I dati personali del Depositante (<em>dati anagrafici; CF; residenza; luogo e data di nascita; dati bancari<\/em>), forniti dalla Banca Consorziata che gestisce il relativo rapporto bancario, saranno trattati dal Fondo per l\u2019eventuale esecuzione della procedura di attivazione dei rimborsi da corrispondere ai depositanti nelle eventuali ipotesi di insolvenza dell\u2019ente creditizio di appartenenza, nonch\u00e9 per effettuare prove di resistenza della capacit\u00e0 del Fondo, quale sistema di garanzia responsabile della protezione dei depositi, di attuare tempestivamente i suddetti interventi.<\/p>\n\n\n\n<p>Per le predette finalit\u00e0, il trattamento dei dati personali del Depositante da parte del Fondo \u00e8 necessario per l\u2019adempimento degli obblighi di legge (v. gli artt. 96-bis e ss. del T.U.B.) posti a carico del Fondo, quale Titolare di tale trattamento, nonch\u00e9 per il perseguimento di legittimi interessi concernenti le correlate attivit\u00e0 amministrative, organizzative e tecniche. L\u2019acquisizione dei dati personali del Depositante \u00e8 quindi obbligatoria a tali fini, posto che, in loro assenza, non sarebbe possibile procedere con i rimborsi previsti per legge nei confronti dei Depositanti in caso di insolvenza della BCC-CR.<\/p>\n\n\n\n<p>Si rappresenta, altres\u00ec, che, qualora si renda necessario avviare la procedura di attivazione dei rimborsi in conseguenza dell\u2019accertata insolvenza della Banca Consorziata, il Fondo potr\u00e0 acquisire anche eventuali dati personali relativi a condanne penali e reati, al fine di accertare l\u2019ammissibilit\u00e0 al rimborso del Suo deposito, in ottemperanza a quanto disciplinato ai sensi delle menzionate disposizioni del T.U.B, che autorizzano tale trattamento.<\/p>\n\n\n\n<p>Per le predette finalit\u00e0, i dati dei Depositanti saranno trattati con procedure prevalentemente informatizzate e potranno essere conosciuti da nostri dipendenti autorizzati al trattamento e\/o da societ\u00e0 di nostra fiducia che svolgono, per nostro conto, in qualit\u00e0 di responsabili del trattamento, alcune attivit\u00e0 tecniche ed organizzative, quali societ\u00e0 di servizi amministrativi, contabili e fiscali, societ\u00e0 di servizi informatici, nonch\u00e9 dalle altre Banche Consorziate, diverse dalla banca mittente, qualora vengano attivate nel ruolo di banche agenti, limitatamente al personale autorizzato. I dati personali non saranno comunque oggetto di trasferimento a soggetti stabiliti in Paesi extra UE.<\/p>\n\n\n\n<p>I dati raccolti saranno conservati per il tempo previsto dalla legge al fine di evadere la richiesta di rimborso e per la successiva archiviazione delle evidenze contabili, nonch\u00e9 per il tempo necessario ad effettuare le prove di resistenza della predetta procedura.<\/p>\n\n\n\n<p>Secondo le disposizioni del GDPR, il Depositante, quale Interessato, potr\u00e0 esercitare il diritto di accedere in ogni momento ai dati che lo riguardano, di rettificarli ed integrarli se inesatti o incompleti, di cancellarli o limitarne il trattamento ove ne ricorrano i presupposti, di opporsi al loro trattamento per motivi legati alla sua situazione particolare e quanto previsto dagli artt. 15-22 del GDPR. Resta infine fermo il diritto del Depositante di presentare reclamo al Garante Privacy, ove ritenuto necessario per la tutela dei relativi dati personali e diritti.<\/p>\n\n\n\n<p>Per l\u2019esercizio di tali diritti e la richiesta di ulteriori informazioni sul trattamento dei dati personali, il Depositante pu\u00f2 rivolgersi al Fondo di Garanzia Depositanti del Credito Cooperativo, quale Titolare del trattamento, con sede in Roma, Via D\u2019Azeglio 33, 00184, E-mail: <a href=\"mailto:info.fongar@fgd.bcc.it\">info.fongar@fgd.bcc.it<\/a>, sito internet: www.fgdcc.it<\/p>\n\n\n\n<p class=\"has-small-font-size\">Ultimo aggiornamento informativa: 21\/10\/2024<\/p>\n\n\n\n<hr class=\"wp-block-separator has-alpha-channel-opacity\"\/>\n\n\n\n<p><a href=\"#_ftnref1\" id=\"_ftn1\">[1]<\/a>Regolamento (UE) 2016\/679 del Parlamento Europeo e del Consiglio del 27 aprile 2016, relativo alla protezione delle persone fisiche con riguardo al trattamento dei dati personali, nonch\u00e9 alla libera circolazione di tali dati (<em>Regolamento Generale Protezione Dati<\/em>).<\/p>\n<\/div>\n<\/div>","protected":false},"excerpt":{"rendered":"<p>Gentile utente, la informiamo che il trattamento dei suoi dati personali avverr\u00e0 nel rispetto della vigente normativa in materia di privacy e sar\u00e0 improntato ai principi di correttezza, liceit\u00e0, trasparenza e protezione dei dati. A tal fine, in ottemperanza a quanto previsto dall&#8217;articolo 13 del Regolamento europeo 2016\/679 (GDPR), le indichiamo qui di seguito le [&hellip;]<\/p>","protected":false},"author":1,"featured_media":0,"parent":0,"menu_order":0,"comment_status":"closed","ping_status":"closed","template":"","meta":{"footnotes":""},"_links":{"self":[{"href":"https:\/\/www.fgdcc.it\/en\/wp-json\/wp\/v2\/pages\/325"}],"collection":[{"href":"https:\/\/www.fgdcc.it\/en\/wp-json\/wp\/v2\/pages"}],"about":[{"href":"https:\/\/www.fgdcc.it\/en\/wp-json\/wp\/v2\/types\/page"}],"author":[{"embeddable":true,"href":"https:\/\/www.fgdcc.it\/en\/wp-json\/wp\/v2\/users\/1"}],"replies":[{"embeddable":true,"href":"https:\/\/www.fgdcc.it\/en\/wp-json\/wp\/v2\/comments?post=325"}],"version-history":[{"count":8,"href":"https:\/\/www.fgdcc.it\/en\/wp-json\/wp\/v2\/pages\/325\/revisions"}],"predecessor-version":[{"id":634,"href":"https:\/\/www.fgdcc.it\/en\/wp-json\/wp\/v2\/pages\/325\/revisions\/634"}],"wp:attachment":[{"href":"https:\/\/www.fgdcc.it\/en\/wp-json\/wp\/v2\/media?parent=325"}],"curies":[{"name":"wp","href":"https:\/\/api.w.org\/{rel}","templated":true}]}}