{"id":327,"date":"2024-01-29T15:52:46","date_gmt":"2024-01-29T14:52:46","guid":{"rendered":"http:\/\/www.fgdcc.it\/?page_id=327"},"modified":"2024-02-19T14:12:57","modified_gmt":"2024-02-19T13:12:57","slug":"cookie-policy","status":"publish","type":"page","link":"https:\/\/www.fgdcc.it\/en\/cookie-policy\/","title":{"rendered":"Cookie Policy"},"content":{"rendered":"<div class=\"wp-block-group alignwide has-global-padding is-layout-constrained wp-block-group-is-layout-constrained\">\n<div class=\"wp-block-group alignwide is-vertical is-content-justification-left is-layout-flex wp-container-core-group-is-layout-4 wp-block-group-is-layout-flex\">\n<p class=\"has-small-font-size\">Cookie policy del sito Fondo di Garanzia dei Depositanti del Credito Cooperativo<\/p>\n\n\n\n<p class=\"has-small-font-size\"><strong>Data di pubblicazione :<\/strong>&nbsp;25\/03\/2022<\/p>\n\n\n\n<div class=\"wp-block-group has-global-padding is-content-justification-left is-layout-constrained wp-container-core-group-is-layout-2 wp-block-group-is-layout-constrained\">\n<p class=\"has-text-color has-link-color wp-elements-71dc6a0e930f41495da6d808d9373474\" style=\"color:#5cb98e\">Premessa<\/p>\n\n\n\n<div class=\"wp-block-group alignwide has-text-color has-link-color wp-elements-461a98f6c6f076f165e48cfec0c79520 is-nowrap is-layout-flex wp-container-core-group-is-layout-1 wp-block-group-is-layout-flex\" style=\"color:#5cb98e\">\n<hr class=\"wp-block-separator has-text-color has-alpha-channel-opacity has-background is-style-wide wp-container-content-1\" style=\"background-color:#5cb98e;color:#5cb98e\"\/>\n<\/div>\n<\/div>\n\n\n\n<p class=\"has-small-font-size\">Il Titolare informa, ad integrazione della&nbsp;<a href=\"https:\/\/www.fgd.bcc.it\/privacy.asp\">Privacy policy<\/a>&nbsp;consultabile sul sito web Fondo di Garanzia dei Depositanti del Credito Cooperativo (di seguito \u201c<strong>Sito<\/strong>\u201d), e nel rispetto del quadro giuridico di riferimento, sulle tipologie, le finalit\u00e0 e le modalit\u00e0 di utilizzo e gestione dei cookie utilizzati sul Sito Fondo di Garanzia dei Depositanti del Credito Cooperativo (di seguito \u201c<strong>Societ\u00e0<\/strong>\u201d o \u201c<strong>Titolare<\/strong>\u201d).<\/p>\n\n\n\n<div class=\"wp-block-esab-accordion accordion-9d20d7ee\" data-mode=\"global\"><div class=\"esab__container\" style=\"row-gap:10px;margin:0px 0px 0px 0px\">\n<div class=\"wp-block-esab-accordion-child  esab__active_accordion\" style=\"border:1px solid #ffffff\"><div class=\"esab__head\" style=\"padding:10px 10px 10px 10px;background-color:#ffffff\" role=\"button\" aria-expanded=\"true\"><div class=\"esab__heading_txt\"><p class=\"esab__heading_tag\" style=\"color:#080808\">Quadro giuridico di riferimento<\/p><\/div><div class=\"esab__icon esab__active_icon\"><div class=\"esab__collapse\"><svg version=\"1.2\" viewbox=\"0 0 24 24\" width=\"24\" height=\"24\"><path d=\"m11.3 3.6h1.4q0.2 0 0.2 0.1v16.6q0 0.1-0.2 0.1h-1.4q-0.2 0-0.2-0.2v-16.5q0-0.1 0.2-0.1z\"><\/path><path d=\"m4.1 11.1h15.8q0.2 0 0.2 0.2v1.4q0 0.2-0.2 0.2h-15.8q-0.2 0-0.2-0.2v-1.4q0-0.2 0.2-0.2z\"><\/path><\/svg><\/div><div class=\"esab__expand\"><svg width=\"24px\" height=\"24px\" viewbox=\"0 0 24 24\"><path d=\"M13.41,12l4.3-4.29a1,1,0,1,0-1.42-1.42L12,10.59,7.71,6.29A1,1,0,0,0,6.29,7.71L10.59,12l-4.3,4.29a1,1,0,0,0,0,1.42,1,1,0,0,0,1.42,0L12,13.41l4.29,4.3a1,1,0,0,0,1.42,0,1,1,0,0,0,0-1.42Z\"><\/path><\/svg><\/div><\/div><\/div><div class=\"esab__body esab__active\" style=\"border-top:1px solid #17b169;padding:10px 10px 10px 10px;background-color:#ffffff\">\n<p>Il quadro giuridico di riferimento \u00e8, ad oggi, costituito:<\/p>\n\n\n\n<ul>\n<li>dalle disposizioni della direttiva 2002\/58\/Ce (anche \u201c<strong>Direttiva e Privacy<\/strong>\u201d) e successive modifiche, come recepita nell\u2019ordinamento nazionale all\u2019art. 122 del D. Lgs. 30 giugno 2003, n. 196 (anche \u201c<strong>Codice<\/strong>\u201d); dal Regolamento (UE) 2016\/679 (anche \u201c<strong>Regolamento<\/strong>\u201d o \u201c<strong>GDPR<\/strong>\u201d), per ci\u00f2 che concerne specificamente la nozione di consenso di cui agli artt. 4, punto 11) e 7 e al considerando 32, come da ultimo interpretati dalle Linee Guida del WP29 adottate il 10 aprile 2018, ratificate dal Comitato europeo per la Protezione dei dati personali il 25 maggio 2018 e sostituite, da ultimo, dalle Guidelines 05\/2020 on consent under Regulation 2016\/679 adottate il 4 maggio 2020;<\/li>\n\n\n\n<li>dalle \u201cLinee guida cookie e altri strumenti di tracciamento &#8211; 10 giugno 2021\u201d (<em>Pubblicato sulla Gazzetta Ufficiale n. 163 del 9 luglio 2021<\/em>).<\/li>\n<\/ul>\n<\/div><\/div>\n\n\n\n<div class=\"wp-block-esab-accordion-child\" style=\"border:1px solid #ffffff\"><div class=\"esab__head\" style=\"padding:10px 10px 10px 10px;background-color:#ffffff\" role=\"button\" aria-expanded=\"false\"><div class=\"esab__heading_txt\"><p class=\"esab__heading_tag\" style=\"color:#080808\">Definizione di cookie<\/p><\/div><div class=\"esab__icon\"><div class=\"esab__collapse\"><svg version=\"1.2\" viewbox=\"0 0 24 24\" width=\"24\" height=\"24\"><path d=\"m11.3 3.6h1.4q0.2 0 0.2 0.1v16.6q0 0.1-0.2 0.1h-1.4q-0.2 0-0.2-0.2v-16.5q0-0.1 0.2-0.1z\"><\/path><path d=\"m4.1 11.1h15.8q0.2 0 0.2 0.2v1.4q0 0.2-0.2 0.2h-15.8q-0.2 0-0.2-0.2v-1.4q0-0.2 0.2-0.2z\"><\/path><\/svg><\/div><div class=\"esab__expand\"><svg width=\"24px\" height=\"24px\" viewbox=\"0 0 24 24\"><path d=\"M13.41,12l4.3-4.29a1,1,0,1,0-1.42-1.42L12,10.59,7.71,6.29A1,1,0,0,0,6.29,7.71L10.59,12l-4.3,4.29a1,1,0,0,0,0,1.42,1,1,0,0,0,1.42,0L12,13.41l4.29,4.3a1,1,0,0,0,1.42,0,1,1,0,0,0,0-1.42Z\"><\/path><\/svg><\/div><\/div><\/div><div class=\"esab__body\" style=\"border-top:1px solid #17b169;padding:10px 10px 10px 10px;background-color:#ffffff\">\n<p>I cookie sono stringhe di testo che i siti web (c.d. \u201cpublisher\u201d o \u201cprima parte\u201d) visitati dall\u2019utente ovvero siti o web server diversi (c.d. \u201cterze parti\u201d) posizionano e archiviano all\u2019interno di un dispositivo terminale nella disponibilit\u00e0 dell\u2019utente.<\/p>\n\n\n\n<p>Queste stringhe di testo vengono memorizzate per essere poi ritrasmesse al sito web che le ha emesse ad ogni successiva pagina che visita. Questo permette ai siti web di identificare l\u2019utente sia per la durata della sessione sia per periodi pi\u00f9 lunghi.<\/p>\n\n\n\n<p>In questo modo il sito potr\u00e0 adattarsi automaticamente all\u2019utente, migliorandone l\u2019esperienza di navigazione. Inoltre, i cookie forniscono al gestore del sito informazioni sulla navigazione degli utenti, anche per ottenere dati statistici sull\u2019uso del sito e migliorarne la navigazione.<\/p>\n<\/div><\/div>\n\n\n\n<div class=\"wp-block-esab-accordion-child\" style=\"border:1px solid #ffffff\"><div class=\"esab__head\" style=\"padding:10px 10px 10px 10px;background-color:#ffffff\" role=\"button\" aria-expanded=\"false\"><div class=\"esab__heading_txt\"><p class=\"esab__heading_tag\" style=\"color:#080808\">Tipologia di cookie<\/p><\/div><div class=\"esab__icon\"><div class=\"esab__collapse\"><svg version=\"1.2\" viewbox=\"0 0 24 24\" width=\"24\" height=\"24\"><path d=\"m11.3 3.6h1.4q0.2 0 0.2 0.1v16.6q0 0.1-0.2 0.1h-1.4q-0.2 0-0.2-0.2v-16.5q0-0.1 0.2-0.1z\"><\/path><path d=\"m4.1 11.1h15.8q0.2 0 0.2 0.2v1.4q0 0.2-0.2 0.2h-15.8q-0.2 0-0.2-0.2v-1.4q0-0.2 0.2-0.2z\"><\/path><\/svg><\/div><div class=\"esab__expand\"><svg width=\"24px\" height=\"24px\" viewbox=\"0 0 24 24\"><path d=\"M13.41,12l4.3-4.29a1,1,0,1,0-1.42-1.42L12,10.59,7.71,6.29A1,1,0,0,0,6.29,7.71L10.59,12l-4.3,4.29a1,1,0,0,0,0,1.42,1,1,0,0,0,1.42,0L12,13.41l4.29,4.3a1,1,0,0,0,1.42,0,1,1,0,0,0,0-1.42Z\"><\/path><\/svg><\/div><\/div><\/div><div class=\"esab__body\" style=\"border-top:1px solid #17b169;padding:10px 10px 10px 10px;background-color:#ffffff\">\n<p class=\"has-small-font-size\">Sulla base della normativa in materia di protezione dei dati personali i cookie possono essere suddivisi in \u201ctecnici\u201d, per l\u2019utilizzo dei quali non \u00e8 richiesto il consenso dell\u2019utente, e cookie analitici non equiparabili ai cookie tecnici e \u201cdi profilazione\u201d, per i quali \u00e8 invece necessario raccogliere il consenso dell\u2019utente.<\/p>\n\n\n\n<p>COOKIE TECNICI<\/p>\n\n\n\n<p class=\"has-small-font-size\">I cookie tecnici sono utilizzati al solo fine di \u201ceffettuare la trasmissione di una comunicazione su una rete di comunicazione elettronica, o nella misura strettamente necessaria al fornitore di un servizio della societ\u00e0 dell&#8217;informazione esplicitamente richiesto dal contraente o dall&#8217;utente a erogare tale servizio\u201d (cfr. art. 122, comma 1 del Codice).<\/p>\n\n\n\n<p class=\"has-small-font-size\">Questa tipologia di cookie si suddivide ulteriormente in:<\/p>\n\n\n\n<ul class=\"has-small-font-size\">\n<li><strong>Cookie di navigazione\/sessione.<\/strong>&nbsp;Si tratta di cookie fondamentali per navigare all&#8217;interno del sito utilizzando tutte le sue funzionalit\u00e0, come ad esempio il mantenimento della sessione e l&#8217;accesso alle aree riservate. Sono strettamente necessari, in quanto senza di essi non sarebbe possibile fornire i servizi richiesti. Questi cookie non raccolgono informazioni da utilizzare per fini commerciali.<\/li>\n\n\n\n<li><strong>Cookie di tipo analytics.<\/strong>&nbsp;Raccolgono e analizzano le informazioni sull\u2019uso del sito da parte dei visitatori (pagine visitate, numero di accessi, tempo di permanenza nel sito, ecc.) per ottimizzare la gestione del sito. Sono equiparabili ai cookie tecnici solo se:<\/li>\n\n\n\n<li>\n<ul>\n<li><strong>Cookie di navigazione\/sessione.<\/strong>&nbsp;Si tratta di cookie fondamentali per navigare all&#8217;interno del sito utilizzando tutte le sue funzionalit\u00e0, come ad esempio il mantenimento della sessione e l&#8217;accesso alle aree riservate. Sono strettamente necessari, in quanto senza di essi non sarebbe possibile fornire i servizi richiesti. Questi cookie non raccolgono informazioni da utilizzare per fini commerciali.<\/li>\n\n\n\n<li><strong>Cookie di tipo analytics.<\/strong>&nbsp;Raccolgono e analizzano le informazioni sull\u2019uso del sito da parte dei visitatori (pagine visitate, numero di accessi, tempo di permanenza nel sito, ecc.) per ottimizzare la gestione del sito. Sono equiparabili ai cookie tecnici solo se:\n<ul>\n<li>vengono utilizzati unicamente per produrre statistiche aggregate e in relazione ad un singolo sito o una sola applicazione mobile;<\/li>\n\n\n\n<li>viene mascherata, per quelli di terze parti, almeno la quarta componente dell\u2019indirizzo IP;<\/li>\n\n\n\n<li>le terze parti si astengono dal combinare tali cookie analytics con altre elaborazioni (file dei clienti o statistiche di visite ad altri siti, ad esempio) o dal trasmetterli a terzi.<\/li>\n<\/ul>\n<\/li>\n\n\n\n<li><strong>Cookie di funzionalit\u00e0.&nbsp;<\/strong>Permettono all\u2019utente la navigazione in funzione di una serie di criteri selezionati (ad esempio, la lingua) al fine di fornire all&#8217;utente una migliore esperienza di navigazione. Le informazioni raccolte da questo tipo di cookie sono in forma anonima.<\/li>\n<\/ul>\n<\/li>\n\n\n\n<li>vengono utilizzati unicamente per produrre statistiche aggregate e in relazione ad un singolo sito o una sola applicazione mobile;\n<ul>\n<li><strong>Cookie di navigazione\/sessione.<\/strong>&nbsp;Si tratta di cookie fondamentali per navigare all&#8217;interno del sito utilizzando tutte le sue funzionalit\u00e0, come ad esempio il mantenimento della sessione e l&#8217;accesso alle aree riservate. Sono strettamente necessari, in quanto senza di essi non sarebbe possibile fornire i servizi richiesti. Questi cookie non raccolgono informazioni da utilizzare per fini commerciali.<\/li>\n\n\n\n<li><strong>Cookie di tipo analytics.<\/strong>&nbsp;Raccolgono e analizzano le informazioni sull\u2019uso del sito da parte dei visitatori (pagine visitate, numero di accessi, tempo di permanenza nel sito, ecc.) per ottimizzare la gestione del sito. Sono equiparabili ai cookie tecnici solo se:\n<ul>\n<li>vengono utilizzati unicamente per produrre statistiche aggregate e in relazione ad un singolo sito o una sola applicazione mobile;<\/li>\n\n\n\n<li>viene mascherata, per quelli di terze parti, almeno la quarta componente dell\u2019indirizzo IP;<\/li>\n\n\n\n<li>le terze parti si astengono dal combinare tali cookie analytics con altre elaborazioni (file dei clienti o statistiche di visite ad altri siti, ad esempio) o dal trasmetterli a terzi.<\/li>\n<\/ul>\n<\/li>\n\n\n\n<li><strong>Cookie di funzionalit\u00e0.&nbsp;<\/strong>Permettono all\u2019utente la navigazione in funzione di una serie di criteri selezionati (ad esempio, la lingua) al fine di fornire all&#8217;utente una migliore esperienza di navigazione. Le informazioni raccolte da questo tipo di cookie sono in forma anonima.<\/li>\n<\/ul>\n<\/li>\n\n\n\n<li>Il sito funziona in modo ottimale se i cookie tecnici sono abilitati.<\/li>\n\n\n\n<li><\/li>\n<\/ul>\n\n\n\n<p class=\"has-medium-font-size\">COOKIE DI PROFILAZIONE<\/p>\n\n\n\n<p class=\"has-small-font-size\">I cookie di profilazione, utilizzati per ricondurre a soggetti determinati, identificati o identificabili, specifiche azioni o schemi comportamentali ricorrenti nell\u2019uso delle funzionalit\u00e0 offerte (c.d. \u201cpattern\u201d) al fine del raggruppamento dei diversi profili all\u2019interno di cluster omogenei di diversa ampiezza, in modo che sia possibile inviare messaggi pubblicitari sempre pi\u00f9 mirati, cio\u00e8 in linea con le preferenze manifestate dall\u2019utente nell\u2019ambito della navigazione in rete.<\/p>\n\n\n\n<p>COOKIE DI TERZE PARTI<\/p>\n\n\n\n<p class=\"has-small-font-size\">Navigando nel sito possono essere installati cookie da parte di altri siti, gestiti da altri soggetti (\u201cterze parti\u201d). In questo caso il Titolare del sito funge solo da intermediario tecnico fra l\u2019utente e queste terze parti.<\/p>\n<\/div><\/div>\n\n\n\n<div class=\"wp-block-esab-accordion-child\" style=\"border:1px solid #ffffff\"><div class=\"esab__head\" style=\"padding:10px 10px 10px 10px;background-color:#ffffff\" role=\"button\" aria-expanded=\"false\"><div class=\"esab__heading_txt\"><p class=\"esab__heading_tag\" style=\"color:#080808\">Gestione cookie<\/p><\/div><div class=\"esab__icon\"><div class=\"esab__collapse\"><svg version=\"1.2\" viewbox=\"0 0 24 24\" width=\"24\" height=\"24\"><path d=\"m11.3 3.6h1.4q0.2 0 0.2 0.1v16.6q0 0.1-0.2 0.1h-1.4q-0.2 0-0.2-0.2v-16.5q0-0.1 0.2-0.1z\"><\/path><path d=\"m4.1 11.1h15.8q0.2 0 0.2 0.2v1.4q0 0.2-0.2 0.2h-15.8q-0.2 0-0.2-0.2v-1.4q0-0.2 0.2-0.2z\"><\/path><\/svg><\/div><div class=\"esab__expand\"><svg width=\"24px\" height=\"24px\" viewbox=\"0 0 24 24\"><path d=\"M13.41,12l4.3-4.29a1,1,0,1,0-1.42-1.42L12,10.59,7.71,6.29A1,1,0,0,0,6.29,7.71L10.59,12l-4.3,4.29a1,1,0,0,0,0,1.42,1,1,0,0,0,1.42,0L12,13.41l4.29,4.3a1,1,0,0,0,1.42,0,1,1,0,0,0,0-1.42Z\"><\/path><\/svg><\/div><\/div><\/div><div class=\"esab__body\" style=\"border-top:1px solid #17b169;padding:10px 10px 10px 10px;background-color:#ffffff\">\n<p class=\"has-small-font-size\">In fondo ad ogni pagina del sito \u00e8 presente un link all\u2019area dedicata alla gestione delle preferenze (questa pagina), anche in relazione ai consensi in precedenza espressi. All\u2019interno dell\u2019area sono infatti presenti i comandi e le indicazioni per acconsentire all\u2019impiego di tutti i cookie, accettare solo i cookie strettamente necessari o modificare le scelte precedenti.<\/p>\n<\/div><\/div>\n\n\n\n<div class=\"wp-block-esab-accordion-child\" style=\"border:1px solid #ffffff\"><div class=\"esab__head\" style=\"padding:10px 10px 10px 10px;background-color:#ffffff\" role=\"button\" aria-expanded=\"false\"><div class=\"esab__heading_txt\"><p class=\"esab__heading_tag\" style=\"color:#080808\">Disabilitazione ed eliminazione dei cookie<\/p><\/div><div class=\"esab__icon\"><div class=\"esab__collapse\"><svg version=\"1.2\" viewbox=\"0 0 24 24\" width=\"24\" height=\"24\"><path d=\"m11.3 3.6h1.4q0.2 0 0.2 0.1v16.6q0 0.1-0.2 0.1h-1.4q-0.2 0-0.2-0.2v-16.5q0-0.1 0.2-0.1z\"><\/path><path d=\"m4.1 11.1h15.8q0.2 0 0.2 0.2v1.4q0 0.2-0.2 0.2h-15.8q-0.2 0-0.2-0.2v-1.4q0-0.2 0.2-0.2z\"><\/path><\/svg><\/div><div class=\"esab__expand\"><svg width=\"24px\" height=\"24px\" viewbox=\"0 0 24 24\"><path d=\"M13.41,12l4.3-4.29a1,1,0,1,0-1.42-1.42L12,10.59,7.71,6.29A1,1,0,0,0,6.29,7.71L10.59,12l-4.3,4.29a1,1,0,0,0,0,1.42,1,1,0,0,0,1.42,0L12,13.41l4.29,4.3a1,1,0,0,0,1.42,0,1,1,0,0,0,0-1.42Z\"><\/path><\/svg><\/div><\/div><\/div><div class=\"esab__body\" style=\"border-top:1px solid #17b169;padding:10px 10px 10px 10px;background-color:#ffffff\">\n<p class=\"has-small-font-size\">Le impostazioni del browser usato per navigare consentono sia la possibilit\u00e0 di evitare l\u2019installazione dei cookie sul dispositivo utilizzato sia la cancellazione.<\/p>\n\n\n\n<p class=\"has-small-font-size\">Questo sito funziona in modo ottimale se i cookie sono abilitati. Se disattivi completamente i cookie, potresti disabilitare alcune funzionalit\u00e0 del sito. Anche con tutti i cookie disabilitati, il tuo browser continuer\u00e0 a memorizzare una piccola quantit\u00e0 di informazioni, necessarie per le funzionalit\u00e0 di base del sito.<\/p>\n\n\n\n<p class=\"has-small-font-size\">Per informazioni su come eliminare i cookie precedentemente salvati o modificare le impostazioni dei cookie seleziona il browser che stai utilizzando:<\/p>\n\n\n\n<ul class=\"has-small-font-size\">\n<li><a href=\"https:\/\/support.google.com\/chrome\/answer\/95647?hl=it\" target=\"_blank\" rel=\"noreferrer noopener\"><strong>Google Chrome<\/strong><\/a><\/li>\n\n\n\n<li><a href=\"http:\/\/windows.microsoft.com\/it-it\/windows7\/How-to-manage-cookies-in-Internet-Explorer-9\" target=\"_blank\" rel=\"noreferrer noopener\"><strong>Microsoft Internet Explorer<\/strong><\/a><\/li>\n\n\n\n<li><a href=\"https:\/\/support.apple.com\/it-it\/guide\/safari\/sfri11471\/mac\" target=\"_blank\" rel=\"noreferrer noopener\"><strong>Safari<\/strong><\/a><\/li>\n\n\n\n<li><a href=\"https:\/\/support.mozilla.org\/it\/kb\/Attivare%20e%20disattivare%20i%20cookie\" target=\"_blank\" rel=\"noreferrer noopener\"><strong>Mozilla Firefox<\/strong><\/a><\/li>\n\n\n\n<li><a href=\"https:\/\/www.adobe.com\/privacy\/opt-out.html\" target=\"_blank\" rel=\"noreferrer noopener\"><strong>Adobe (Flash Cookies)<\/strong><\/a><\/li>\n<\/ul>\n\n\n\n<p class=\"has-small-font-size\">Per ulteriori informazioni e per disattivare i cookie di terze parti:<\/p>\n\n\n\n<ul>\n<li class=\"has-small-font-size\"><a href=\"http:\/\/www.aboutads.info\/choices\">http:\/\/www.aboutads.info\/choices<\/a><\/li>\n\n\n\n<li class=\"has-small-font-size\"><a href=\"http:\/\/www.youronlinechoices.eu\/\">http:\/\/www.youronlinechoices.eu\/<\/a><\/li>\n<\/ul>\n\n\n\n<p class=\"has-small-font-size\"><a href=\"https:\/\/www.fgd.bcc.it\/cookiepolicy\/default.asp\">Accedi all&#8217;archivio<\/a>&nbsp;per consultare le precedenti versioni della Cookie Policy di questo sito.<\/p>\n<\/div><\/div>\n<\/div><\/div>\n\n\n\n<div class=\"wp-block-group cookie_attivi is-content-justification-space-between is-nowrap is-layout-flex wp-container-core-group-is-layout-3 wp-block-group-is-layout-flex\">\n<p><strong>COOKIE TECNICI<\/strong> <\/p>\n\n\n\n<p class=\"has-contrast-color has-text-color has-background has-link-color has-small-font-size wp-elements-d3dc2ef4ae48261c1a6af7fef9e74e3c\" style=\"background-color:#d8e9c3\">SEMPRE ATTIVI<\/p>\n<\/div>\n\n\n\n<p class=\"wp-container-content-2\">In questo sito&nbsp;<strong>utilizziamo i seguenti cookie tecnici di Prima Parte<\/strong>:<br>non \u00e8 richiesto il tuo consenso per attivare questa tipologia.<\/p>\n\n\n\n<figure class=\"wp-block-table has-small-font-size wp-container-content-3\"><table><tbody><tr><td><strong>SERVIZIO<\/strong><\/td><td><strong>FINALIT\u00c0<\/strong><\/td><td><strong>NOME E DURATA<\/strong><\/td><td><strong>INFORMATIVA<\/strong><\/td><\/tr><tr><td>BCC Publisher<\/td><td>Garantire la normale navigazione e fruizione del Sito Web<\/td><td>ASPSESSIONID (sessione)<\/td><td><\/td><\/tr><\/tbody><\/table><\/figure>\n<\/div>\n<\/div>","protected":false},"excerpt":{"rendered":"<p>Cookie policy del sito Fondo di Garanzia dei Depositanti del Credito Cooperativo Data di pubblicazione :&nbsp;25\/03\/2022 Premessa Il Titolare informa, ad integrazione della&nbsp;Privacy policy&nbsp;consultabile sul sito web Fondo di Garanzia dei Depositanti del Credito Cooperativo (di seguito \u201cSito\u201d), e nel rispetto del quadro giuridico di riferimento, sulle tipologie, le finalit\u00e0 e le modalit\u00e0 di utilizzo [&hellip;]<\/p>","protected":false},"author":1,"featured_media":0,"parent":0,"menu_order":0,"comment_status":"closed","ping_status":"closed","template":"","meta":{"footnotes":""},"_links":{"self":[{"href":"https:\/\/www.fgdcc.it\/en\/wp-json\/wp\/v2\/pages\/327"}],"collection":[{"href":"https:\/\/www.fgdcc.it\/en\/wp-json\/wp\/v2\/pages"}],"about":[{"href":"https:\/\/www.fgdcc.it\/en\/wp-json\/wp\/v2\/types\/page"}],"author":[{"embeddable":true,"href":"https:\/\/www.fgdcc.it\/en\/wp-json\/wp\/v2\/users\/1"}],"replies":[{"embeddable":true,"href":"https:\/\/www.fgdcc.it\/en\/wp-json\/wp\/v2\/comments?post=327"}],"version-history":[{"count":33,"href":"https:\/\/www.fgdcc.it\/en\/wp-json\/wp\/v2\/pages\/327\/revisions"}],"predecessor-version":[{"id":558,"href":"https:\/\/www.fgdcc.it\/en\/wp-json\/wp\/v2\/pages\/327\/revisions\/558"}],"wp:attachment":[{"href":"https:\/\/www.fgdcc.it\/en\/wp-json\/wp\/v2\/media?parent=327"}],"curies":[{"name":"wp","href":"https:\/\/api.w.org\/{rel}","templated":true}]}}